{"id":491,"date":"2024-04-11T20:37:55","date_gmt":"2024-04-11T20:37:55","guid":{"rendered":"https:\/\/brightlane.nl\/?page_id=491"},"modified":"2024-04-29T09:10:10","modified_gmt":"2024-04-29T09:10:10","slug":"contact","status":"publish","type":"page","link":"https:\/\/brightlane.nl\/eng\/contact\/","title":{"rendered":"Contact"},"content":{"rendered":"<p>[et_pb_section fb_built=&#8221;1&#8243; disabled_on=&#8221;on|on|on&#8221; admin_label=&#8221;Header vervolg&#8221; _builder_version=&#8221;4.24.3&#8243; _module_preset=&#8221;default&#8221; background_color=&#8221;#98A699&#8243; custom_margin=&#8221;||0px||false|false&#8221; custom_padding=&#8221;||0px||false|false&#8221; disabled=&#8221;on&#8221; global_colors_info=&#8221;{}&#8221;][et_pb_row column_structure=&#8221;1_2,1_2&#8243; use_custom_gutter=&#8221;on&#8221; gutter_width=&#8221;4&#8243; _builder_version=&#8221;4.24.3&#8243; _module_preset=&#8221;default&#8221; background_color=&#8221;#98A699&#8243; width=&#8221;100%&#8221; width_tablet=&#8221;90%&#8221; width_phone=&#8221;90%&#8221; width_last_edited=&#8221;on|tablet&#8221; global_colors_info=&#8221;{}&#8221;][et_pb_column type=&#8221;1_2&#8243; _builder_version=&#8221;4.24.3&#8243; _module_preset=&#8221;default&#8221; custom_padding=&#8221;||||false|false&#8221; global_colors_info=&#8221;{}&#8221;][et_pb_text _builder_version=&#8221;4.24.3&#8243; _module_preset=&#8221;default&#8221; header_text_color=&#8221;#FFFFFF&#8221; global_colors_info=&#8221;{}&#8221;]<\/p>\n<p>Contact<\/p>\n<h1>Clarification <br \/>in elke stap<\/h1>\n<p>[\/et_pb_text][et_pb_text _builder_version=&#8221;4.24.3&#8243; _module_preset=&#8221;default&#8221; text_text_color=&#8221;#1F1F26&#8243; header_text_color=&#8221;#FFFFFF&#8221; custom_padding=&#8221;||40px||false|false&#8221; global_colors_info=&#8221;{}&#8221;]<\/p>\n<p>Thanks to its team of experts, Brightlane provides clear advisory services in strategy development and mergers &amp; acquisitions (M&amp;A).<span class=\"Apple-converted-space\">\u00a0<\/span><\/p>\n<p>For more information or a talk with one of our advisers, please contact us using the details below. Whether you are a potential client, a talented professional looking for new opportunities, or a partner: we would like to hear from you.<\/p>\n<p>[\/et_pb_text][\/et_pb_column][et_pb_column type=&#8221;1_2&#8243; _builder_version=&#8221;4.24.3&#8243; _module_preset=&#8221;default&#8221; global_colors_info=&#8221;{}&#8221;][et_pb_image src=&#8221;https:\/\/brightlane.nl\/wp-content\/uploads\/2024\/04\/Brightlane-star.png&#8221; title_text=&#8221;Brightlane-star&#8221; align=&#8221;right&#8221; _builder_version=&#8221;4.24.3&#8243; _module_preset=&#8221;default&#8221; width=&#8221;70%&#8221; global_colors_info=&#8221;{}&#8221;][\/et_pb_image][\/et_pb_column][\/et_pb_row][\/et_pb_section][et_pb_section fb_built=&#8221;1&#8243; admin_label=&#8221;Header vervolg&#8221; _builder_version=&#8221;4.24.3&#8243; _module_preset=&#8221;default&#8221; background_color=&#8221;#98A699&#8243; global_colors_info=&#8221;{}&#8221;][et_pb_row column_structure=&#8221;1_2,1_2&#8243; use_custom_gutter=&#8221;on&#8221; gutter_width=&#8221;4&#8243; _builder_version=&#8221;4.24.3&#8243; _module_preset=&#8221;default&#8221; background_color=&#8221;#98A699&#8243; custom_margin=&#8221;||||false|false&#8221; global_colors_info=&#8221;{}&#8221;][et_pb_column type=&#8221;1_2&#8243; _builder_version=&#8221;4.24.3&#8243; _module_preset=&#8221;default&#8221; custom_padding=&#8221;|40px|||false|false&#8221; custom_padding_tablet=&#8221;|20px|||false|false&#8221; custom_padding_phone=&#8221;|10px|||false|false&#8221; custom_padding_last_edited=&#8221;on|desktop&#8221; global_colors_info=&#8221;{}&#8221;][et_pb_text _builder_version=&#8221;4.24.3&#8243; _module_preset=&#8221;default&#8221; header_text_color=&#8221;#FFFFFF&#8221; header_font_size_tablet=&#8221;&#8221; header_font_size_phone=&#8221;32px&#8221; header_font_size_last_edited=&#8221;on|phone&#8221; global_colors_info=&#8221;{}&#8221;]<\/p>\n<p>Contact<\/p>\n<h1>Clarification<br \/>every step of the way.<\/h1>\n<p>[\/et_pb_text][et_pb_text _builder_version=&#8221;4.25.0&#8243; _module_preset=&#8221;default&#8221; header_text_color=&#8221;#FFFFFF&#8221; custom_padding=&#8221;||50px||false|false&#8221; global_colors_info=&#8221;{}&#8221;]<\/p>\n<p>Thanks to its team of experts, Brightlane provides clear advisory services in strategy development and mergers &amp; acquisitions (M&amp;A).<span class=\"Apple-converted-space\">\u00a0<\/span><\/p>\n<p>For more information or a talk with one of our advisers, please contact us using the details below. Whether you are a potential client, a talented professional looking for new opportunities, or a partner: we would like to hear from you.<\/p>\n<p>[\/et_pb_text][\/et_pb_column][et_pb_column type=&#8221;1_2&#8243; _builder_version=&#8221;4.24.3&#8243; _module_preset=&#8221;default&#8221; global_colors_info=&#8221;{}&#8221;][et_pb_image src=&#8221;https:\/\/brightlane.nl\/wp-content\/uploads\/2024\/04\/brightlane-SB-WJ.jpg&#8221; title_text=&#8221;brightlane-SB-WJ&#8221; _builder_version=&#8221;4.24.3&#8243; _module_preset=&#8221;default&#8221; border_radii=&#8221;on|10px|10px|10px|10px&#8221; global_colors_info=&#8221;{}&#8221;][\/et_pb_image][\/et_pb_column][\/et_pb_row][\/et_pb_section][et_pb_section fb_built=&#8221;1&#8243; custom_padding_last_edited=&#8221;on|phone&#8221; admin_label=&#8221;USP&#8221; _builder_version=&#8221;4.25.0&#8243; _module_preset=&#8221;default&#8221; background_color=&#8221;#FFFFFF&#8221; custom_margin=&#8221;-140px||||false|false&#8221; custom_padding=&#8221;40px||80px||false|false&#8221; custom_padding_tablet=&#8221;40px||80px||false|false&#8221; custom_padding_phone=&#8221;40px||||false|false&#8221; hover_enabled=&#8221;0&#8243; global_colors_info=&#8221;{}&#8221; sticky_enabled=&#8221;0&#8243;][et_pb_row column_structure=&#8221;1_3,1_3,1_3&#8243; use_custom_gutter=&#8221;on&#8221; gutter_width=&#8221;2&#8243; make_equal=&#8221;on&#8221; _builder_version=&#8221;4.24.3&#8243; _module_preset=&#8221;default&#8221; width=&#8221;100%&#8221; width_tablet=&#8221;85%&#8221; width_phone=&#8221;85%&#8221; width_last_edited=&#8221;on|desktop&#8221; module_alignment=&#8221;center&#8221; height_last_edited=&#8221;off|desktop&#8221; custom_margin=&#8221;100px||||false|false&#8221; custom_padding=&#8221;80px||||false|false&#8221; global_colors_info=&#8221;{}&#8221;][et_pb_column type=&#8221;1_3&#8243; _builder_version=&#8221;4.24.3&#8243; _module_preset=&#8221;default&#8221; background_color=&#8221;#98A699&#8243; background_image=&#8221;https:\/\/brightlane.nl\/wp-content\/uploads\/2024\/04\/Star.png&#8221; background_size=&#8221;initial&#8221; background_position=&#8221;bottom_right&#8221; background_horizontal_offset=&#8221;20%&#8221; background_vertical_offset=&#8221;-20px&#8221; custom_padding=&#8221;40px|45px|45px|45px|false|false&#8221; custom_padding_tablet=&#8221;|30px|45px|30px|false|true&#8221; custom_padding_phone=&#8221;30px||30px||false|false&#8221; custom_padding_last_edited=&#8221;on|desktop&#8221; global_colors_info=&#8221;{}&#8221;][et_pb_text admin_label=&#8221;Titel&#8221; _builder_version=&#8221;4.24.3&#8243; _module_preset=&#8221;default&#8221; header_3_font=&#8221;Kanit|500|||||||&#8221; header_3_text_align=&#8221;left&#8221; header_3_text_color=&#8221;#FFFFFF&#8221; header_3_font_size=&#8221;24px&#8221; header_3_line_height=&#8221;1.1em&#8221; global_colors_info=&#8221;{}&#8221;]<\/p>\n<h3>Brightlane<\/h3>\n<h3>Netherlands<\/h3>\n<p>[\/et_pb_text][et_pb_divider show_divider=&#8221;off&#8221; _builder_version=&#8221;4.24.3&#8243; _module_preset=&#8221;default&#8221; custom_padding=&#8221;||||false|false&#8221; global_colors_info=&#8221;{}&#8221;][\/et_pb_divider][et_pb_text _builder_version=&#8221;4.24.3&#8243; _module_preset=&#8221;default&#8221; text_font=&#8221;Inter||||||||&#8221; text_text_color=&#8221;#FFFFFF&#8221; text_line_height=&#8221;1.8em&#8221; background_layout=&#8221;dark&#8221; global_colors_info=&#8221;{}&#8221;]<\/p>\n<p><b>Address:<\/b><br \/>Jheronimus Academy <br \/>of Data Science<br \/>Walpoort 10<br \/>5211 DK \u2018s-Hertogenbosch<br \/>Netherlands<span class=\"Apple-converted-space\">\u00a0<\/span><\/p>\n<p>[\/et_pb_text][et_pb_divider show_divider=&#8221;off&#8221; _builder_version=&#8221;4.24.3&#8243; _module_preset=&#8221;default&#8221; custom_padding=&#8221;||||false|false&#8221; global_colors_info=&#8221;{}&#8221;][\/et_pb_divider][et_pb_text _builder_version=&#8221;4.24.3&#8243; _module_preset=&#8221;default&#8221; text_font=&#8221;Inter||||||||&#8221; text_text_color=&#8221;#FFFFFF&#8221; text_line_height=&#8221;1.8em&#8221; background_layout=&#8221;dark&#8221; global_colors_info=&#8221;{}&#8221;]<b>Telephone:<\/b><span class=\"Apple-converted-space\">\u00a0<\/span> <a href=\"tel: 31641448817\">+31641448817<\/a> \/ <a href=\"tel: 31653975352\">+31653975352<\/a><br \/>\n<b>E-mail:<\/b> <a href=\"mailto:info@brightlane.nl\">info@brightlane.nl<\/a>[\/et_pb_text][\/et_pb_column][et_pb_column type=&#8221;1_3&#8243; _builder_version=&#8221;4.24.3&#8243; _module_preset=&#8221;default&#8221; background_color=&#8221;#DCDCD8&#8243; background_image=&#8221;https:\/\/brightlane.nl\/wp-content\/uploads\/2024\/04\/Star.png&#8221; background_size=&#8221;initial&#8221; background_position=&#8221;bottom_right&#8221; background_horizontal_offset=&#8221;20%&#8221; background_vertical_offset=&#8221;-20px&#8221; custom_padding=&#8221;40px|45px|90px|45px|false|false&#8221; custom_padding_tablet=&#8221;|30px|45px|30px|false|true&#8221; custom_padding_phone=&#8221;30px||30px||false|false&#8221; custom_padding_last_edited=&#8221;on|tablet&#8221; global_colors_info=&#8221;{}&#8221;][et_pb_text admin_label=&#8221;Titel&#8221; _builder_version=&#8221;4.24.3&#8243; _module_preset=&#8221;default&#8221; text_text_color=&#8221;#1F1F26&#8243; header_3_font=&#8221;Kanit|500|||||||&#8221; header_3_text_align=&#8221;left&#8221; header_3_text_color=&#8221;#1F1F26&#8243; header_3_font_size=&#8221;24px&#8221; header_3_line_height=&#8221;1.1em&#8221; global_colors_info=&#8221;{}&#8221;]<\/p>\n<h3>Brightlane<\/h3>\n<h3>Catalonia, Spain<\/h3>\n<p>[\/et_pb_text][et_pb_divider show_divider=&#8221;off&#8221; _builder_version=&#8221;4.24.3&#8243; _module_preset=&#8221;default&#8221; global_colors_info=&#8221;{}&#8221;][\/et_pb_divider][et_pb_text _builder_version=&#8221;4.25.0&#8243; _module_preset=&#8221;default&#8221; global_colors_info=&#8221;{}&#8221;]<\/p>\n<p><b>Address:<\/b><br \/>Roses, Girona, Spain<\/p>\n<p>[\/et_pb_text][et_pb_divider show_divider=&#8221;off&#8221; _builder_version=&#8221;4.24.3&#8243; _module_preset=&#8221;default&#8221; global_colors_info=&#8221;{}&#8221;][\/et_pb_divider][et_pb_text _builder_version=&#8221;4.24.3&#8243; _module_preset=&#8221;default&#8221; global_colors_info=&#8221;{}&#8221;]<b>Telephone:<\/b> <a href=\"tel: 31653975352\">+31653975352<\/a><br \/>\n<b>E-mail:<\/b> <a href=\"mailto:sander@brightlane.nl\">sander@brightlane.nl<\/a>[\/et_pb_text][\/et_pb_column][et_pb_column type=&#8221;1_3&#8243; _builder_version=&#8221;4.24.3&#8243; _module_preset=&#8221;default&#8221; background_color=&#8221;#F2F2F2&#8243; background_image=&#8221;https:\/\/brightlane.nl\/wp-content\/uploads\/2024\/04\/Star.png&#8221; background_size=&#8221;initial&#8221; background_position=&#8221;bottom_right&#8221; background_horizontal_offset=&#8221;20%&#8221; background_vertical_offset=&#8221;-20px&#8221; custom_padding=&#8221;40px|30px|45px|30px|false|true&#8221; custom_padding_tablet=&#8221;||45px||false|false&#8221; custom_padding_phone=&#8221;30px||30px||false|false&#8221; custom_padding_last_edited=&#8221;on|desktop&#8221; global_colors_info=&#8221;{}&#8221;][et_pb_text admin_label=&#8221;Titel&#8221; _builder_version=&#8221;4.24.3&#8243; _module_preset=&#8221;default&#8221; text_text_color=&#8221;#1F1F26&#8243; header_3_font=&#8221;Kanit|500|||||||&#8221; header_3_text_align=&#8221;left&#8221; header_3_text_color=&#8221;#1F1F26&#8243; header_3_font_size=&#8221;24px&#8221; header_3_line_height=&#8221;1.1em&#8221; global_colors_info=&#8221;{}&#8221;]<\/p>\n<h3>Brightlane<\/h3>\n<h3>Andalusia, Spain<\/h3>\n<p>[\/et_pb_text][et_pb_divider show_divider=&#8221;off&#8221; _builder_version=&#8221;4.24.3&#8243; _module_preset=&#8221;default&#8221; global_colors_info=&#8221;{}&#8221;][\/et_pb_divider][et_pb_text _builder_version=&#8221;4.25.0&#8243; _module_preset=&#8221;default&#8221; global_colors_info=&#8221;{}&#8221;]<\/p>\n<p><b>Address:<\/b><br \/>Chiclana de la Frontera, C\u00e1diz, Spain<\/p>\n<p>[\/et_pb_text][et_pb_divider show_divider=&#8221;off&#8221; _builder_version=&#8221;4.24.3&#8243; _module_preset=&#8221;default&#8221; global_colors_info=&#8221;{}&#8221;][\/et_pb_divider][et_pb_text _builder_version=&#8221;4.24.3&#8243; _module_preset=&#8221;default&#8221; global_colors_info=&#8221;{}&#8221;]<b>Telephone:<\/b> <a href=\"tel: 31641448817\">+31641448817<\/a><br \/>\n<b>E-mail:<\/b> <a href=\"mailto:willemjan@brightlane.nl\">willemjan@brightlane.nl<\/a>[\/et_pb_text][\/et_pb_column][\/et_pb_row][\/et_pb_section][et_pb_section fb_built=&#8221;1&#8243; admin_label=&#8221;Logo slider&#8221; _builder_version=&#8221;4.24.3&#8243; _module_preset=&#8221;default&#8221; background_color=&#8221;#FFFFFF&#8221; global_module=&#8221;468&#8243; saved_tabs=&#8221;all&#8221; global_colors_info=&#8221;{}&#8221;][et_pb_row custom_padding_last_edited=&#8221;on|phone&#8221; _builder_version=&#8221;4.24.3&#8243; _module_preset=&#8221;default&#8221; width=&#8221;100%&#8221; max_width=&#8221;1200px&#8221; module_alignment=&#8221;center&#8221; custom_margin_tablet=&#8221;&#8221; custom_margin_phone=&#8221;0px||0px||false|false&#8221; custom_margin_last_edited=&#8221;on|phone&#8221; custom_padding_tablet=&#8221;&#8221; custom_padding_phone=&#8221;0px||0px||false|false&#8221; global_colors_info=&#8221;{}&#8221;][et_pb_column type=&#8221;4_4&#8243; _builder_version=&#8221;4.24.3&#8243; _module_preset=&#8221;default&#8221; global_colors_info=&#8221;{}&#8221;][et_pb_text _builder_version=&#8221;4.24.3&#8243; _module_preset=&#8221;default&#8221; header_text_align=&#8221;center&#8221; header_text_color=&#8221;#1F1F26&#8243; custom_margin_tablet=&#8221;&#8221; custom_margin_phone=&#8221;||0px||false|false&#8221; custom_margin_last_edited=&#8221;on|phone&#8221; header_3_font_size_tablet=&#8221;&#8221; header_3_font_size_phone=&#8221;20px&#8221; header_3_font_size_last_edited=&#8221;on|phone&#8221; global_colors_info=&#8221;{}&#8221;]<\/p>\n<h3 style=\"text-align: center;\">Exclusive partnership<\/h3>\n<p>[\/et_pb_text][ba_logo_carousel animation_speed=&#8221;2000ms&#8221; autoplay_speed=&#8221;500ms&#8221; use_nav=&#8221;off&#8221; slide_count=&#8221;6&#8243; slide_spacing=&#8221;30px&#8221; logo_hover=&#8221;zoom_out&#8221; slide_count_tablet=&#8221;4&#8243; slide_count_phone=&#8221;2&#8243; slide_count_last_edited=&#8221;on|tablet&#8221; _builder_version=&#8221;4.24.3&#8243; _module_preset=&#8221;default&#8221; background_color=&#8221;RGBA(255,255,255,0)&#8221; module_alignment=&#8221;center&#8221; custom_margin=&#8221;0px||0px||false|false&#8221; custom_padding=&#8221;||||false|false&#8221; global_colors_info=&#8221;{}&#8221;][ba_logo_carousel_child admin_title=&#8221;Logo&#8221; logo=&#8221;https:\/\/brightlane.nl\/wp-content\/uploads\/2024\/04\/Brightlane-logo2.png&#8221; _builder_version=&#8221;4.24.3&#8243; _module_preset=&#8221;default&#8221; global_colors_info=&#8221;{}&#8221;][\/ba_logo_carousel_child][ba_logo_carousel_child admin_title=&#8221;Logo&#8221; logo=&#8221;https:\/\/brightlane.nl\/wp-content\/uploads\/2024\/04\/Brightlane-logo2.png&#8221; _builder_version=&#8221;4.24.3&#8243; _module_preset=&#8221;default&#8221; global_colors_info=&#8221;{}&#8221;][\/ba_logo_carousel_child][ba_logo_carousel_child admin_title=&#8221;Logo&#8221; logo=&#8221;https:\/\/brightlane.nl\/wp-content\/uploads\/2024\/04\/Brightlane-logo2.png&#8221; _builder_version=&#8221;4.24.3&#8243; _module_preset=&#8221;default&#8221; global_colors_info=&#8221;{}&#8221;][\/ba_logo_carousel_child][ba_logo_carousel_child admin_title=&#8221;Logo&#8221; logo=&#8221;https:\/\/brightlane.nl\/wp-content\/uploads\/2024\/04\/Brightlane-logo2.png&#8221; _builder_version=&#8221;4.24.3&#8243; _module_preset=&#8221;default&#8221; global_colors_info=&#8221;{}&#8221;][\/ba_logo_carousel_child][ba_logo_carousel_child admin_title=&#8221;Logo&#8221; logo=&#8221;https:\/\/brightlane.nl\/wp-content\/uploads\/2024\/04\/Brightlane-logo2.png&#8221; _builder_version=&#8221;4.24.3&#8243; _module_preset=&#8221;default&#8221; global_colors_info=&#8221;{}&#8221;][\/ba_logo_carousel_child][ba_logo_carousel_child admin_title=&#8221;Logo&#8221; logo=&#8221;https:\/\/brightlane.nl\/wp-content\/uploads\/2024\/04\/Brightlane-logo2.png&#8221; _builder_version=&#8221;4.24.3&#8243; _module_preset=&#8221;default&#8221; global_colors_info=&#8221;{}&#8221;][\/ba_logo_carousel_child][ba_logo_carousel_child admin_title=&#8221;Logo&#8221; logo=&#8221;https:\/\/brightlane.nl\/wp-content\/uploads\/2024\/04\/Brightlane-logo2.png&#8221; _builder_version=&#8221;4.24.3&#8243; _module_preset=&#8221;default&#8221; global_colors_info=&#8221;{}&#8221;][\/ba_logo_carousel_child][ba_logo_carousel_child admin_title=&#8221;Logo&#8221; logo=&#8221;https:\/\/brightlane.nl\/wp-content\/uploads\/2024\/04\/Brightlane-logo2.png&#8221; _builder_version=&#8221;4.24.3&#8243; _module_preset=&#8221;default&#8221; global_colors_info=&#8221;{}&#8221;][\/ba_logo_carousel_child][ba_logo_carousel_child admin_title=&#8221;Logo&#8221; logo=&#8221;https:\/\/brightlane.nl\/wp-content\/uploads\/2024\/04\/Brightlane-logo2.png&#8221; _builder_version=&#8221;4.24.3&#8243; _module_preset=&#8221;default&#8221; global_colors_info=&#8221;{}&#8221;][\/ba_logo_carousel_child][\/ba_logo_carousel][\/et_pb_column][\/et_pb_row][\/et_pb_section]<\/p>","protected":false},"excerpt":{"rendered":"<p>Contact Verheldering in elke stapMet een team van experts levert Brightlane heldere adviesdiensten op het gebied van strategieontwikkeling en fusies &amp; overnames (M&amp;A).\u00a0 Voor meer informatie of een gesprek met \u00e9\u00e9n van onze adviseurs kunt u contact met ons opnemen via de onderstaande gegevens. Of u nu een potenti\u00eble klant bent, een talentvolle professional op [&hellip;]<\/p>","protected":false},"author":1,"featured_media":0,"parent":0,"menu_order":0,"comment_status":"closed","ping_status":"closed","template":"","meta":{"_et_pb_use_builder":"on","_et_pb_old_content":"","_et_gb_content_width":"","footnotes":""},"class_list":["post-491","page","type-page","status-publish","hentry"],"_links":{"self":[{"href":"https:\/\/brightlane.nl\/eng\/wp-json\/wp\/v2\/pages\/491","targetHints":{"allow":["GET"]}}],"collection":[{"href":"https:\/\/brightlane.nl\/eng\/wp-json\/wp\/v2\/pages"}],"about":[{"href":"https:\/\/brightlane.nl\/eng\/wp-json\/wp\/v2\/types\/page"}],"author":[{"embeddable":true,"href":"https:\/\/brightlane.nl\/eng\/wp-json\/wp\/v2\/users\/1"}],"replies":[{"embeddable":true,"href":"https:\/\/brightlane.nl\/eng\/wp-json\/wp\/v2\/comments?post=491"}],"version-history":[{"count":62,"href":"https:\/\/brightlane.nl\/eng\/wp-json\/wp\/v2\/pages\/491\/revisions"}],"predecessor-version":[{"id":958,"href":"https:\/\/brightlane.nl\/eng\/wp-json\/wp\/v2\/pages\/491\/revisions\/958"}],"wp:attachment":[{"href":"https:\/\/brightlane.nl\/eng\/wp-json\/wp\/v2\/media?parent=491"}],"curies":[{"name":"wp","href":"https:\/\/api.w.org\/{rel}","templated":true}]}}